{"id":56,"date":"2015-12-23T15:25:14","date_gmt":"2015-12-23T15:25:14","guid":{"rendered":"http:\/\/yohannquintin.fr\/?page_id=56"},"modified":"2019-12-15T18:40:45","modified_gmt":"2019-12-15T16:40:45","slug":"presentation","status":"publish","type":"page","link":"https:\/\/yohannquintin.fr\/?page_id=56","title":{"rendered":"Presentation"},"content":{"rendered":"<p><a href=\"http:\/\/yohannquintin.fr\/wp-content\/uploads\/2019\/12\/DSC01165.jpg\"><img loading=\"lazy\" decoding=\"async\" class=\"aligncenter wp-image-932 size-large\" src=\"http:\/\/yohannquintin.fr\/wp-content\/uploads\/2019\/12\/DSC01165-1024x683.jpg\" alt=\"\" width=\"660\" height=\"440\" srcset=\"https:\/\/yohannquintin.fr\/wp-content\/uploads\/2019\/12\/DSC01165-1024x683.jpg 1024w, https:\/\/yohannquintin.fr\/wp-content\/uploads\/2019\/12\/DSC01165-300x200.jpg 300w, https:\/\/yohannquintin.fr\/wp-content\/uploads\/2019\/12\/DSC01165-1536x1024.jpg 1536w, https:\/\/yohannquintin.fr\/wp-content\/uploads\/2019\/12\/DSC01165.jpg 1620w\" sizes=\"auto, (max-width: 660px) 100vw, 660px\" \/><\/a><\/p>\n\n\n<p>Essayer de partager ma vision des choses et des personnes, c&rsquo;est ce que j&rsquo;essaye de faire \u00e0 travers mes photographies. Ce site pr\u00e9sente quelques une de mes s\u00e9ries ainsi que quelques articles t\u00e9moignant de ma pratique au jour le jour, c&rsquo;est \u00e0 dire quelques photos et mes inspirations quotidiennes.<\/p>\n\n\n\n<p>Bonne visite,<\/p>\n\n\n\n<p>Yohann<\/p>\n","protected":false},"excerpt":{"rendered":"<p>Essayer de partager ma vision des choses et des personnes, c&rsquo;est ce que j&rsquo;essaye de faire \u00e0 travers mes photographies. Ce site pr\u00e9sente quelques une de mes s\u00e9ries ainsi que quelques articles t\u00e9moignant de ma pratique au jour le jour, c&rsquo;est \u00e0 dire quelques photos et mes inspirations quotidiennes. Bonne visite, Yohann<\/p>\n","protected":false},"author":1,"featured_media":0,"parent":0,"menu_order":0,"comment_status":"closed","ping_status":"closed","template":"","meta":{"footnotes":""},"class_list":["post-56","page","type-page","status-publish","hentry"],"_links":{"self":[{"href":"https:\/\/yohannquintin.fr\/index.php?rest_route=\/wp\/v2\/pages\/56","targetHints":{"allow":["GET"]}}],"collection":[{"href":"https:\/\/yohannquintin.fr\/index.php?rest_route=\/wp\/v2\/pages"}],"about":[{"href":"https:\/\/yohannquintin.fr\/index.php?rest_route=\/wp\/v2\/types\/page"}],"author":[{"embeddable":true,"href":"https:\/\/yohannquintin.fr\/index.php?rest_route=\/wp\/v2\/users\/1"}],"replies":[{"embeddable":true,"href":"https:\/\/yohannquintin.fr\/index.php?rest_route=%2Fwp%2Fv2%2Fcomments&post=56"}],"version-history":[{"count":7,"href":"https:\/\/yohannquintin.fr\/index.php?rest_route=\/wp\/v2\/pages\/56\/revisions"}],"predecessor-version":[{"id":937,"href":"https:\/\/yohannquintin.fr\/index.php?rest_route=\/wp\/v2\/pages\/56\/revisions\/937"}],"wp:attachment":[{"href":"https:\/\/yohannquintin.fr\/index.php?rest_route=%2Fwp%2Fv2%2Fmedia&parent=56"}],"curies":[{"name":"wp","href":"https:\/\/api.w.org\/{rel}","templated":true}]}}