{"id":1363,"date":"2020-04-02T18:33:30","date_gmt":"2020-04-02T16:33:30","guid":{"rendered":"http:\/\/yohannquintin.fr\/?page_id=1363"},"modified":"2020-04-30T17:47:28","modified_gmt":"2020-04-30T15:47:28","slug":"face-a-face","status":"publish","type":"page","link":"https:\/\/yohannquintin.fr\/?page_id=1363","title":{"rendered":"Face \u00e0 face."},"content":{"rendered":"\n<figure class=\"wp-block-pullquote\"><blockquote><p>Ainsi en photographie, la premi\u00e8re \u00e9motion fra\u00eeche, le sentiment de la chose, est capt\u00e9e dans son int\u00e9gralit\u00e9 et pour toujours au moment m\u00eame ou celle-ci est vue et ressentie. La sensation et son enregistrement sont simultan\u00e9es.<\/p><cite>Edward Weston<\/cite><\/blockquote><\/figure>\n\n\n\n<figure class=\"wp-block-gallery columns-1 is-cropped wp-block-gallery-1 is-layout-flex wp-block-gallery-is-layout-flex\"><ul class=\"blocks-gallery-grid\"><li class=\"blocks-gallery-item\"><figure><a href=\"http:\/\/yohannquintin.fr\/wp-content\/uploads\/2020\/04\/19102019-DSC_0675-2.jpg\"><img loading=\"lazy\" decoding=\"async\" width=\"1024\" height=\"684\" src=\"http:\/\/yohannquintin.fr\/wp-content\/uploads\/2020\/04\/19102019-DSC_0675-2-1024x684.jpg\" alt=\"\" data-id=\"1364\" data-full-url=\"http:\/\/yohannquintin.fr\/wp-content\/uploads\/2020\/04\/19102019-DSC_0675-2.jpg\" data-link=\"http:\/\/yohannquintin.fr\/?attachment_id=1364\" class=\"wp-image-1364\" srcset=\"https:\/\/yohannquintin.fr\/wp-content\/uploads\/2020\/04\/19102019-DSC_0675-2-1024x684.jpg 1024w, https:\/\/yohannquintin.fr\/wp-content\/uploads\/2020\/04\/19102019-DSC_0675-2-300x200.jpg 300w, https:\/\/yohannquintin.fr\/wp-content\/uploads\/2020\/04\/19102019-DSC_0675-2-1536x1025.jpg 1536w, https:\/\/yohannquintin.fr\/wp-content\/uploads\/2020\/04\/19102019-DSC_0675-2.jpg 1618w\" sizes=\"auto, (max-width: 1024px) 100vw, 1024px\" \/><\/a><\/figure><\/li><li class=\"blocks-gallery-item\"><figure><a href=\"http:\/\/yohannquintin.fr\/wp-content\/uploads\/2020\/04\/28092019-DSC_0337.jpg\"><img loading=\"lazy\" decoding=\"async\" width=\"1024\" height=\"684\" src=\"http:\/\/yohannquintin.fr\/wp-content\/uploads\/2020\/04\/28092019-DSC_0337-1024x684.jpg\" alt=\"\" data-id=\"1365\" data-full-url=\"http:\/\/yohannquintin.fr\/wp-content\/uploads\/2020\/04\/28092019-DSC_0337.jpg\" data-link=\"http:\/\/yohannquintin.fr\/?attachment_id=1365\" class=\"wp-image-1365\" srcset=\"https:\/\/yohannquintin.fr\/wp-content\/uploads\/2020\/04\/28092019-DSC_0337-1024x684.jpg 1024w, https:\/\/yohannquintin.fr\/wp-content\/uploads\/2020\/04\/28092019-DSC_0337-300x200.jpg 300w, https:\/\/yohannquintin.fr\/wp-content\/uploads\/2020\/04\/28092019-DSC_0337-1536x1025.jpg 1536w, https:\/\/yohannquintin.fr\/wp-content\/uploads\/2020\/04\/28092019-DSC_0337.jpg 1618w\" sizes=\"auto, (max-width: 1024px) 100vw, 1024px\" \/><\/a><\/figure><\/li><li class=\"blocks-gallery-item\"><figure><a href=\"http:\/\/yohannquintin.fr\/wp-content\/uploads\/2020\/04\/DSC_0756.jpg\"><img loading=\"lazy\" decoding=\"async\" width=\"1024\" height=\"684\" src=\"http:\/\/yohannquintin.fr\/wp-content\/uploads\/2020\/04\/DSC_0756-1024x684.jpg\" alt=\"\" data-id=\"1366\" data-full-url=\"http:\/\/yohannquintin.fr\/wp-content\/uploads\/2020\/04\/DSC_0756.jpg\" data-link=\"http:\/\/yohannquintin.fr\/?attachment_id=1366\" class=\"wp-image-1366\" srcset=\"https:\/\/yohannquintin.fr\/wp-content\/uploads\/2020\/04\/DSC_0756-1024x684.jpg 1024w, https:\/\/yohannquintin.fr\/wp-content\/uploads\/2020\/04\/DSC_0756-300x200.jpg 300w, https:\/\/yohannquintin.fr\/wp-content\/uploads\/2020\/04\/DSC_0756-1536x1025.jpg 1536w, https:\/\/yohannquintin.fr\/wp-content\/uploads\/2020\/04\/DSC_0756.jpg 1618w\" sizes=\"auto, (max-width: 1024px) 100vw, 1024px\" \/><\/a><\/figure><\/li><li class=\"blocks-gallery-item\"><figure><a href=\"http:\/\/yohannquintin.fr\/wp-content\/uploads\/2020\/04\/DSC_1333-Modifier-2-Modifier.jpg\"><img loading=\"lazy\" decoding=\"async\" width=\"1024\" height=\"684\" src=\"http:\/\/yohannquintin.fr\/wp-content\/uploads\/2020\/04\/DSC_1333-Modifier-2-Modifier-1024x684.jpg\" alt=\"\" data-id=\"1367\" data-full-url=\"http:\/\/yohannquintin.fr\/wp-content\/uploads\/2020\/04\/DSC_1333-Modifier-2-Modifier.jpg\" data-link=\"http:\/\/yohannquintin.fr\/?attachment_id=1367\" class=\"wp-image-1367\" srcset=\"https:\/\/yohannquintin.fr\/wp-content\/uploads\/2020\/04\/DSC_1333-Modifier-2-Modifier-1024x684.jpg 1024w, https:\/\/yohannquintin.fr\/wp-content\/uploads\/2020\/04\/DSC_1333-Modifier-2-Modifier-300x200.jpg 300w, https:\/\/yohannquintin.fr\/wp-content\/uploads\/2020\/04\/DSC_1333-Modifier-2-Modifier-1536x1025.jpg 1536w, https:\/\/yohannquintin.fr\/wp-content\/uploads\/2020\/04\/DSC_1333-Modifier-2-Modifier.jpg 1618w\" sizes=\"auto, (max-width: 1024px) 100vw, 1024px\" \/><\/a><\/figure><\/li><li class=\"blocks-gallery-item\"><figure><a href=\"http:\/\/yohannquintin.fr\/wp-content\/uploads\/2020\/04\/DSC_1566-22018_04_08.jpg\"><img loading=\"lazy\" decoding=\"async\" width=\"1024\" height=\"684\" src=\"http:\/\/yohannquintin.fr\/wp-content\/uploads\/2020\/04\/DSC_1566-22018_04_08-1024x684.jpg\" alt=\"\" data-id=\"1368\" data-full-url=\"http:\/\/yohannquintin.fr\/wp-content\/uploads\/2020\/04\/DSC_1566-22018_04_08.jpg\" data-link=\"http:\/\/yohannquintin.fr\/?attachment_id=1368\" class=\"wp-image-1368\" srcset=\"https:\/\/yohannquintin.fr\/wp-content\/uploads\/2020\/04\/DSC_1566-22018_04_08-1024x684.jpg 1024w, https:\/\/yohannquintin.fr\/wp-content\/uploads\/2020\/04\/DSC_1566-22018_04_08-300x200.jpg 300w, https:\/\/yohannquintin.fr\/wp-content\/uploads\/2020\/04\/DSC_1566-22018_04_08-1536x1025.jpg 1536w, https:\/\/yohannquintin.fr\/wp-content\/uploads\/2020\/04\/DSC_1566-22018_04_08.jpg 1618w\" sizes=\"auto, (max-width: 1024px) 100vw, 1024px\" \/><\/a><\/figure><\/li><li class=\"blocks-gallery-item\"><figure><a href=\"http:\/\/yohannquintin.fr\/wp-content\/uploads\/2020\/04\/DSC_2160-Modifier2018_05_10.jpg\"><img loading=\"lazy\" decoding=\"async\" width=\"1024\" height=\"684\" src=\"http:\/\/yohannquintin.fr\/wp-content\/uploads\/2020\/04\/DSC_2160-Modifier2018_05_10-1024x684.jpg\" alt=\"\" data-id=\"1369\" data-full-url=\"http:\/\/yohannquintin.fr\/wp-content\/uploads\/2020\/04\/DSC_2160-Modifier2018_05_10.jpg\" data-link=\"http:\/\/yohannquintin.fr\/?attachment_id=1369\" class=\"wp-image-1369\" srcset=\"https:\/\/yohannquintin.fr\/wp-content\/uploads\/2020\/04\/DSC_2160-Modifier2018_05_10-1024x684.jpg 1024w, https:\/\/yohannquintin.fr\/wp-content\/uploads\/2020\/04\/DSC_2160-Modifier2018_05_10-300x200.jpg 300w, https:\/\/yohannquintin.fr\/wp-content\/uploads\/2020\/04\/DSC_2160-Modifier2018_05_10-1536x1025.jpg 1536w, https:\/\/yohannquintin.fr\/wp-content\/uploads\/2020\/04\/DSC_2160-Modifier2018_05_10.jpg 1618w\" sizes=\"auto, (max-width: 1024px) 100vw, 1024px\" \/><\/a><\/figure><\/li><li class=\"blocks-gallery-item\"><figure><a href=\"http:\/\/yohannquintin.fr\/wp-content\/uploads\/2020\/04\/DSC_6496-Modifier.jpg\"><img loading=\"lazy\" decoding=\"async\" width=\"1024\" height=\"684\" src=\"http:\/\/yohannquintin.fr\/wp-content\/uploads\/2020\/04\/DSC_6496-Modifier-1024x684.jpg\" alt=\"\" data-id=\"1370\" data-full-url=\"http:\/\/yohannquintin.fr\/wp-content\/uploads\/2020\/04\/DSC_6496-Modifier.jpg\" data-link=\"http:\/\/yohannquintin.fr\/?attachment_id=1370\" class=\"wp-image-1370\" srcset=\"https:\/\/yohannquintin.fr\/wp-content\/uploads\/2020\/04\/DSC_6496-Modifier-1024x684.jpg 1024w, https:\/\/yohannquintin.fr\/wp-content\/uploads\/2020\/04\/DSC_6496-Modifier-300x200.jpg 300w, https:\/\/yohannquintin.fr\/wp-content\/uploads\/2020\/04\/DSC_6496-Modifier-1536x1025.jpg 1536w, https:\/\/yohannquintin.fr\/wp-content\/uploads\/2020\/04\/DSC_6496-Modifier.jpg 1618w\" sizes=\"auto, (max-width: 1024px) 100vw, 1024px\" \/><\/a><\/figure><\/li><li class=\"blocks-gallery-item\"><figure><a href=\"http:\/\/yohannquintin.fr\/wp-content\/uploads\/2020\/04\/DSC_6500-Modifier.jpg\"><img loading=\"lazy\" decoding=\"async\" width=\"1024\" height=\"681\" src=\"http:\/\/yohannquintin.fr\/wp-content\/uploads\/2020\/04\/DSC_6500-Modifier-1024x681.jpg\" alt=\"\" data-id=\"1371\" data-full-url=\"http:\/\/yohannquintin.fr\/wp-content\/uploads\/2020\/04\/DSC_6500-Modifier.jpg\" data-link=\"http:\/\/yohannquintin.fr\/?attachment_id=1371\" class=\"wp-image-1371\" srcset=\"https:\/\/yohannquintin.fr\/wp-content\/uploads\/2020\/04\/DSC_6500-Modifier-1024x681.jpg 1024w, https:\/\/yohannquintin.fr\/wp-content\/uploads\/2020\/04\/DSC_6500-Modifier-300x200.jpg 300w, https:\/\/yohannquintin.fr\/wp-content\/uploads\/2020\/04\/DSC_6500-Modifier-1536x1022.jpg 1536w, https:\/\/yohannquintin.fr\/wp-content\/uploads\/2020\/04\/DSC_6500-Modifier.jpg 1623w\" sizes=\"auto, (max-width: 1024px) 100vw, 1024px\" \/><\/a><\/figure><\/li><li class=\"blocks-gallery-item\"><figure><a href=\"http:\/\/yohannquintin.fr\/wp-content\/uploads\/2020\/04\/DSC_8752-Modifier-2-Modifier.jpg\"><img loading=\"lazy\" decoding=\"async\" width=\"1024\" height=\"681\" src=\"http:\/\/yohannquintin.fr\/wp-content\/uploads\/2020\/04\/DSC_8752-Modifier-2-Modifier-1024x681.jpg\" alt=\"\" data-id=\"1372\" data-full-url=\"http:\/\/yohannquintin.fr\/wp-content\/uploads\/2020\/04\/DSC_8752-Modifier-2-Modifier.jpg\" data-link=\"http:\/\/yohannquintin.fr\/?attachment_id=1372\" class=\"wp-image-1372\" srcset=\"https:\/\/yohannquintin.fr\/wp-content\/uploads\/2020\/04\/DSC_8752-Modifier-2-Modifier-1024x681.jpg 1024w, https:\/\/yohannquintin.fr\/wp-content\/uploads\/2020\/04\/DSC_8752-Modifier-2-Modifier-300x200.jpg 300w, https:\/\/yohannquintin.fr\/wp-content\/uploads\/2020\/04\/DSC_8752-Modifier-2-Modifier-1536x1022.jpg 1536w, https:\/\/yohannquintin.fr\/wp-content\/uploads\/2020\/04\/DSC_8752-Modifier-2-Modifier.jpg 1623w\" sizes=\"auto, (max-width: 1024px) 100vw, 1024px\" \/><\/a><\/figure><\/li><li class=\"blocks-gallery-item\"><figure><a href=\"http:\/\/yohannquintin.fr\/wp-content\/uploads\/2020\/04\/DSC_85292018_09_05.jpg\"><img loading=\"lazy\" decoding=\"async\" width=\"1024\" height=\"684\" src=\"http:\/\/yohannquintin.fr\/wp-content\/uploads\/2020\/04\/DSC_85292018_09_05-1024x684.jpg\" alt=\"\" data-id=\"1373\" data-full-url=\"http:\/\/yohannquintin.fr\/wp-content\/uploads\/2020\/04\/DSC_85292018_09_05.jpg\" data-link=\"http:\/\/yohannquintin.fr\/?attachment_id=1373\" class=\"wp-image-1373\" srcset=\"https:\/\/yohannquintin.fr\/wp-content\/uploads\/2020\/04\/DSC_85292018_09_05-1024x684.jpg 1024w, https:\/\/yohannquintin.fr\/wp-content\/uploads\/2020\/04\/DSC_85292018_09_05-300x200.jpg 300w, https:\/\/yohannquintin.fr\/wp-content\/uploads\/2020\/04\/DSC_85292018_09_05-1536x1025.jpg 1536w, https:\/\/yohannquintin.fr\/wp-content\/uploads\/2020\/04\/DSC_85292018_09_05.jpg 1618w\" sizes=\"auto, (max-width: 1024px) 100vw, 1024px\" \/><\/a><\/figure><\/li><li class=\"blocks-gallery-item\"><figure><a href=\"http:\/\/yohannquintin.fr\/wp-content\/uploads\/2020\/04\/Untitled2.jpg\"><img loading=\"lazy\" decoding=\"async\" width=\"1024\" height=\"689\" src=\"http:\/\/yohannquintin.fr\/wp-content\/uploads\/2020\/04\/Untitled2-1024x689.jpg\" alt=\"\" data-id=\"1374\" data-full-url=\"http:\/\/yohannquintin.fr\/wp-content\/uploads\/2020\/04\/Untitled2.jpg\" data-link=\"http:\/\/yohannquintin.fr\/?attachment_id=1374\" class=\"wp-image-1374\" srcset=\"https:\/\/yohannquintin.fr\/wp-content\/uploads\/2020\/04\/Untitled2-1024x689.jpg 1024w, https:\/\/yohannquintin.fr\/wp-content\/uploads\/2020\/04\/Untitled2-300x202.jpg 300w, https:\/\/yohannquintin.fr\/wp-content\/uploads\/2020\/04\/Untitled2-1536x1034.jpg 1536w, https:\/\/yohannquintin.fr\/wp-content\/uploads\/2020\/04\/Untitled2.jpg 1605w\" sizes=\"auto, (max-width: 1024px) 100vw, 1024px\" \/><\/a><\/figure><\/li><li class=\"blocks-gallery-item\"><figure><a href=\"http:\/\/yohannquintin.fr\/wp-content\/uploads\/2020\/04\/YOH_0665-Modifier.jpg\"><img loading=\"lazy\" decoding=\"async\" width=\"1024\" height=\"681\" src=\"http:\/\/yohannquintin.fr\/wp-content\/uploads\/2020\/04\/YOH_0665-Modifier-1024x681.jpg\" alt=\"\" data-id=\"1375\" data-full-url=\"http:\/\/yohannquintin.fr\/wp-content\/uploads\/2020\/04\/YOH_0665-Modifier.jpg\" data-link=\"http:\/\/yohannquintin.fr\/?attachment_id=1375\" class=\"wp-image-1375\" srcset=\"https:\/\/yohannquintin.fr\/wp-content\/uploads\/2020\/04\/YOH_0665-Modifier-1024x681.jpg 1024w, https:\/\/yohannquintin.fr\/wp-content\/uploads\/2020\/04\/YOH_0665-Modifier-300x200.jpg 300w, https:\/\/yohannquintin.fr\/wp-content\/uploads\/2020\/04\/YOH_0665-Modifier-1536x1022.jpg 1536w, https:\/\/yohannquintin.fr\/wp-content\/uploads\/2020\/04\/YOH_0665-Modifier.jpg 1623w\" sizes=\"auto, (max-width: 1024px) 100vw, 1024px\" \/><\/a><\/figure><\/li><\/ul><\/figure>\n","protected":false},"excerpt":{"rendered":"<p>Ainsi en photographie, la premi\u00e8re \u00e9motion fra\u00eeche, le sentiment de la chose, est capt\u00e9e dans son int\u00e9gralit\u00e9 et pour toujours au moment m\u00eame ou celle-ci est vue et ressentie. La sensation et son enregistrement sont simultan\u00e9es. Edward Weston<\/p>\n","protected":false},"author":1,"featured_media":0,"parent":0,"menu_order":0,"comment_status":"closed","ping_status":"closed","template":"","meta":{"footnotes":""},"class_list":["post-1363","page","type-page","status-publish","hentry"],"_links":{"self":[{"href":"https:\/\/yohannquintin.fr\/index.php?rest_route=\/wp\/v2\/pages\/1363","targetHints":{"allow":["GET"]}}],"collection":[{"href":"https:\/\/yohannquintin.fr\/index.php?rest_route=\/wp\/v2\/pages"}],"about":[{"href":"https:\/\/yohannquintin.fr\/index.php?rest_route=\/wp\/v2\/types\/page"}],"author":[{"embeddable":true,"href":"https:\/\/yohannquintin.fr\/index.php?rest_route=\/wp\/v2\/users\/1"}],"replies":[{"embeddable":true,"href":"https:\/\/yohannquintin.fr\/index.php?rest_route=%2Fwp%2Fv2%2Fcomments&post=1363"}],"version-history":[{"count":4,"href":"https:\/\/yohannquintin.fr\/index.php?rest_route=\/wp\/v2\/pages\/1363\/revisions"}],"predecessor-version":[{"id":1385,"href":"https:\/\/yohannquintin.fr\/index.php?rest_route=\/wp\/v2\/pages\/1363\/revisions\/1385"}],"wp:attachment":[{"href":"https:\/\/yohannquintin.fr\/index.php?rest_route=%2Fwp%2Fv2%2Fmedia&parent=1363"}],"curies":[{"name":"wp","href":"https:\/\/api.w.org\/{rel}","templated":true}]}}